{"id":251,"date":"2018-01-12T11:32:09","date_gmt":"2018-01-12T10:32:09","guid":{"rendered":"http:\/\/www.buergernetz-alb.de\/?page_id=251"},"modified":"2020-02-24T17:34:12","modified_gmt":"2020-02-24T16:34:12","slug":"dienstleistungen","status":"publish","type":"page","link":"https:\/\/www.buergernetz-alb.de\/bna\/dienstleistungen\/","title":{"rendered":"Dienstleistungen"},"content":{"rendered":"\t\t<div data-elementor-type=\"wp-post\" data-elementor-id=\"251\" class=\"elementor elementor-251\">\n\t\t\t\t\t\t<section class=\"elementor-section elementor-top-section elementor-element elementor-element-47a28c2 elementor-section-boxed elementor-section-height-default elementor-section-height-default\" data-id=\"47a28c2\" data-element_type=\"section\" data-e-type=\"section\">\n\t\t\t\t\t\t<div class=\"elementor-container elementor-column-gap-default\">\n\t\t\t\t\t<div class=\"elementor-column elementor-col-100 elementor-top-column elementor-element elementor-element-57a17f8\" data-id=\"57a17f8\" data-element_type=\"column\" data-e-type=\"column\">\n\t\t\t<div class=\"elementor-widget-wrap elementor-element-populated\">\n\t\t\t\t\t\t<div class=\"elementor-element elementor-element-3801502 elementor-pagination-position-outside elementor-widget elementor-widget-image-carousel\" data-id=\"3801502\" data-element_type=\"widget\" data-e-type=\"widget\" data-settings=\"{&quot;slides_to_show&quot;:&quot;1&quot;,&quot;navigation&quot;:&quot;dots&quot;,&quot;autoplay&quot;:&quot;yes&quot;,&quot;pause_on_hover&quot;:&quot;yes&quot;,&quot;pause_on_interaction&quot;:&quot;yes&quot;,&quot;autoplay_speed&quot;:5000,&quot;infinite&quot;:&quot;yes&quot;,&quot;effect&quot;:&quot;slide&quot;,&quot;speed&quot;:500}\" data-widget_type=\"image-carousel.default\">\n\t\t\t\t<div class=\"elementor-widget-container\">\n\t\t\t\t\t\t\t<div class=\"elementor-image-carousel-wrapper swiper\" role=\"region\" aria-roledescription=\"carousel\" aria-label=\"Bild Karussell\" dir=\"ltr\">\n\t\t\t<div class=\"elementor-image-carousel swiper-wrapper\" aria-live=\"off\">\n\t\t\t\t\t\t\t\t<div class=\"swiper-slide\" role=\"group\" aria-roledescription=\"slide\" aria-label=\"1 von 3\"><figure class=\"swiper-slide-inner\"><img decoding=\"async\" class=\"swiper-slide-image\" src=\"https:\/\/www.buergernetz-alb.de\/wp-content\/uploads\/2020\/02\/Fahrdienst-1.jpeg\" alt=\"Fahrdienste\" \/><\/figure><\/div><div class=\"swiper-slide\" role=\"group\" aria-roledescription=\"slide\" aria-label=\"2 von 3\"><figure class=\"swiper-slide-inner\"><img decoding=\"async\" class=\"swiper-slide-image\" src=\"https:\/\/www.buergernetz-alb.de\/wp-content\/uploads\/2020\/02\/Haushalt.jpg\" alt=\"Haushaltshilfe\" \/><\/figure><\/div><div class=\"swiper-slide\" role=\"group\" aria-roledescription=\"slide\" aria-label=\"3 von 3\"><figure class=\"swiper-slide-inner\"><img decoding=\"async\" class=\"swiper-slide-image\" src=\"https:\/\/www.buergernetz-alb.de\/wp-content\/uploads\/2020\/02\/Gartenhilfe-1.jpg\" alt=\"Gartenhilfe\" \/><\/figure><\/div>\t\t\t<\/div>\n\t\t\t\t\t\t\t\n\t\t\t\t\t\t\t\t\t<div class=\"swiper-pagination\"><\/div>\n\t\t\t\t\t\t\t\t\t<\/div>\n\t\t\t\t\t\t<\/div>\n\t\t\t\t<\/div>\n\t\t\t\t\t<\/div>\n\t\t<\/div>\n\t\t\t\t\t<\/div>\n\t\t<\/section>\n\t\t\t\t<section class=\"elementor-section elementor-top-section elementor-element elementor-element-e5570cd elementor-section-boxed elementor-section-height-default elementor-section-height-default\" data-id=\"e5570cd\" data-element_type=\"section\" data-e-type=\"section\">\n\t\t\t\t\t\t<div class=\"elementor-container elementor-column-gap-default\">\n\t\t\t\t\t<div class=\"elementor-column elementor-col-100 elementor-top-column elementor-element elementor-element-501837b\" data-id=\"501837b\" data-element_type=\"column\" data-e-type=\"column\">\n\t\t\t<div class=\"elementor-widget-wrap elementor-element-populated\">\n\t\t\t\t\t\t<div class=\"elementor-element elementor-element-4f13646 elementor-widget elementor-widget-heading\" data-id=\"4f13646\" data-element_type=\"widget\" data-e-type=\"widget\" data-widget_type=\"heading.default\">\n\t\t\t\t<div class=\"elementor-widget-container\">\n\t\t\t\t\t<h3 class=\"elementor-heading-title elementor-size-default\">Wir f\u00fcr Sie<\/h3>\t\t\t\t<\/div>\n\t\t\t\t<\/div>\n\t\t\t\t\t<\/div>\n\t\t<\/div>\n\t\t\t\t\t<\/div>\n\t\t<\/section>\n\t\t\t\t<section class=\"elementor-section elementor-top-section elementor-element elementor-element-1bd4162 elementor-section-boxed elementor-section-height-default elementor-section-height-default\" data-id=\"1bd4162\" data-element_type=\"section\" data-e-type=\"section\">\n\t\t\t\t\t\t<div class=\"elementor-container elementor-column-gap-default\">\n\t\t\t\t\t<div class=\"elementor-column elementor-col-100 elementor-top-column elementor-element elementor-element-aed2e34\" data-id=\"aed2e34\" data-element_type=\"column\" data-e-type=\"column\">\n\t\t\t<div class=\"elementor-widget-wrap elementor-element-populated\">\n\t\t\t\t\t\t<div class=\"elementor-element elementor-element-008018b elementor-widget elementor-widget-text-editor\" data-id=\"008018b\" data-element_type=\"widget\" data-e-type=\"widget\" data-widget_type=\"text-editor.default\">\n\t\t\t\t<div class=\"elementor-widget-container\">\n\t\t\t\t\t\t\t\t\t<p style=\"text-align: center;\">Unsere Dienstleistungen bieten wir ausschlie\u00dflich f\u00fcr Mitglieder an. <br \/>Weitere Informationen zur Mitgliedschaft finden Sie hier.<\/p>\t\t\t\t\t\t\t\t<\/div>\n\t\t\t\t<\/div>\n\t\t\t\t\t<\/div>\n\t\t<\/div>\n\t\t\t\t\t<\/div>\n\t\t<\/section>\n\t\t\t\t<section class=\"elementor-section elementor-top-section elementor-element elementor-element-91caaad elementor-section-boxed elementor-section-height-default elementor-section-height-default\" data-id=\"91caaad\" data-element_type=\"section\" data-e-type=\"section\">\n\t\t\t\t\t\t<div class=\"elementor-container elementor-column-gap-no\">\n\t\t\t\t\t<div class=\"elementor-column elementor-col-50 elementor-top-column elementor-element elementor-element-1665b7a\" data-id=\"1665b7a\" data-element_type=\"column\" data-e-type=\"column\">\n\t\t\t<div class=\"elementor-widget-wrap elementor-element-populated\">\n\t\t\t\t\t\t<div class=\"elementor-element elementor-element-6d2163c elementor-widget elementor-widget-text-editor\" data-id=\"6d2163c\" data-element_type=\"widget\" data-e-type=\"widget\" data-widget_type=\"text-editor.default\">\n\t\t\t\t<div class=\"elementor-widget-container\">\n\t\t\t\t\t\t\t\t\t<ul>\n \t<li><span style=\"color: #99ccff;\"><strong>Begleitung und Fahrdienste:<\/strong><\/span>\nz.B. Arzt, Post, Bank, Krankenhaus, \u2026<\/li>\n \t<li><span style=\"color: #99ccff;\"><strong>Unterst\u00fctzung\/Hilfestellung:<\/strong><\/span>\nf\u00fcr allgemeinen Schriftverkehr<\/li>\n \t<li><strong><span style=\"color: #99ccff;\">Botendienste:<\/span> <\/strong> z.B. \u00dcberweisungen, Rezepte, Apotheke, Eink\u00e4ufe<\/li>\n \t<li><strong><span style=\"color: #99ccff;\">Unterst\u00fctzung bei Gartenarbeiten:<\/span><\/strong> z.B. Rasen m\u00e4hen, kleine Hecken schneiden, Hilfestellung bei der Obsternte, Hilfe bei kleineren Reparaturen im Garten, Hilfe bei Grabpflege<\/li>\n \t<li><span style=\"color: #99ccff;\"><strong>Hilfen im Haus:<\/strong><\/span> z.B. Hilfe beim W\u00e4sche waschen, b\u00fcgeln, Gardinen aufh\u00e4ngen, N\u00e4harbeiten, Gl\u00fchbirne wechseln, kurzfristig n\u00f6tige Hilfe bei Krankheit, Unterst\u00fctzung beim M\u00f6bel auf- und abbauen, kleinere Aufr\u00e4umarbeiten<\/li>\n<\/ul>\t\t\t\t\t\t\t\t<\/div>\n\t\t\t\t<\/div>\n\t\t\t\t\t<\/div>\n\t\t<\/div>\n\t\t\t\t<div class=\"elementor-column elementor-col-50 elementor-top-column elementor-element elementor-element-3b69aeb\" data-id=\"3b69aeb\" data-element_type=\"column\" data-e-type=\"column\">\n\t\t\t<div class=\"elementor-widget-wrap elementor-element-populated\">\n\t\t\t\t\t\t<div class=\"elementor-element elementor-element-454c550 elementor-widget elementor-widget-text-editor\" data-id=\"454c550\" data-element_type=\"widget\" data-e-type=\"widget\" data-widget_type=\"text-editor.default\">\n\t\t\t\t<div class=\"elementor-widget-container\">\n\t\t\t\t\t\t\t\t\t<ul><li><span style=\"color: #99ccff;\"><strong>Urlaubsdienste:<\/strong><\/span><br \/>z.B.Haus und Post, Gartenbetreuung (z.B. Gie\u00dfen)<\/li><li><strong><span style=\"color: #99ccff;\">Computer\/Internet:<\/span> <\/strong> z.B. Hilfe bei Anwenderproblemen mit Word, Excel, Interneteinstieg und Internetrecherche<\/li><li><strong><span style=\"color: #99ccff;\">Hausaufgabenbetreuung:<\/span><\/strong> <br \/>(keine Nachhilfe)<\/li><li><strong><span style=\"color: #99ccff;\">Kleintierbetreuung<\/span><\/strong> <br \/>z.B.\u00a0 &#8222;Gassi&#8220; gehen, Tierarztbesuch<\/li><li><strong><span style=\"color: #99ccff;\">Besuchsdienste:<\/span><\/strong> z.B. Vorlesen, Spazierg\u00e4nge, Krankenbesuche, Zeit f\u00fcr Gespr\u00e4che, Spiele mit Kindern<\/li><\/ul>\t\t\t\t\t\t\t\t<\/div>\n\t\t\t\t<\/div>\n\t\t\t\t<div class=\"elementor-element elementor-element-df1276e elementor-align-left elementor-widget elementor-widget-button\" data-id=\"df1276e\" data-element_type=\"widget\" data-e-type=\"widget\" data-widget_type=\"button.default\">\n\t\t\t\t<div class=\"elementor-widget-container\">\n\t\t\t\t\t\t\t\t\t<div class=\"elementor-button-wrapper\">\n\t\t\t\t\t<a class=\"elementor-button elementor-button-link elementor-size-sm\" href=\"http:\/\/www.buergernetz-alb.de\/kosten\/\">\n\t\t\t\t\t\t<span class=\"elementor-button-content-wrapper\">\n\t\t\t\t\t\t<span class=\"elementor-button-icon\">\n\t\t\t\t\t\t\t\t\t<i class=\"fa fa-forward\" aria-hidden=\"true\"><\/i>\n\t\t\t\t\t\t\t<\/span>\n\t\t\t\t\t\t\t\t\t<span class=\"elementor-button-text\">... Kosten &amp; Abrechnung<\/span>\n\t\t\t\t\t<\/span>\n\t\t\t\t\t<\/a>\n\t\t\t\t<\/div>\n\t\t\t\t\t\t\t\t<\/div>\n\t\t\t\t<\/div>\n\t\t\t\t\t<\/div>\n\t\t<\/div>\n\t\t\t\t\t<\/div>\n\t\t<\/section>\n\t\t\t\t<section class=\"elementor-section elementor-top-section elementor-element elementor-element-c9371ea elementor-section-boxed elementor-section-height-default elementor-section-height-default\" data-id=\"c9371ea\" data-element_type=\"section\" data-e-type=\"section\">\n\t\t\t\t\t\t<div class=\"elementor-container elementor-column-gap-default\">\n\t\t\t\t\t<div class=\"elementor-column elementor-col-100 elementor-top-column elementor-element elementor-element-5e3e103\" data-id=\"5e3e103\" data-element_type=\"column\" data-e-type=\"column\">\n\t\t\t<div class=\"elementor-widget-wrap elementor-element-populated\">\n\t\t\t\t\t\t<div class=\"elementor-element elementor-element-812d629 elementor-widget elementor-widget-spacer\" data-id=\"812d629\" data-element_type=\"widget\" data-e-type=\"widget\" data-widget_type=\"spacer.default\">\n\t\t\t\t<div class=\"elementor-widget-container\">\n\t\t\t\t\t\t\t<div class=\"elementor-spacer\">\n\t\t\t<div class=\"elementor-spacer-inner\"><\/div>\n\t\t<\/div>\n\t\t\t\t\t\t<\/div>\n\t\t\t\t<\/div>\n\t\t\t\t\t<\/div>\n\t\t<\/div>\n\t\t\t\t\t<\/div>\n\t\t<\/section>\n\t\t\t\t<section class=\"elementor-section elementor-top-section elementor-element elementor-element-ae5d9f5 elementor-section-boxed elementor-section-height-default elementor-section-height-default\" data-id=\"ae5d9f5\" data-element_type=\"section\" data-e-type=\"section\">\n\t\t\t\t\t\t<div class=\"elementor-container elementor-column-gap-default\">\n\t\t\t\t\t<div class=\"elementor-column elementor-col-50 elementor-top-column elementor-element elementor-element-04f2a2f\" data-id=\"04f2a2f\" data-element_type=\"column\" data-e-type=\"column\">\n\t\t\t<div class=\"elementor-widget-wrap elementor-element-populated\">\n\t\t\t\t\t\t<div class=\"elementor-element elementor-element-57c58f8 elementor-widget elementor-widget-heading\" data-id=\"57c58f8\" data-element_type=\"widget\" data-e-type=\"widget\" data-widget_type=\"heading.default\">\n\t\t\t\t<div class=\"elementor-widget-container\">\n\t\t\t\t\t<h3 class=\"elementor-heading-title elementor-size-default\">W\u00fcnsche \u2013 Ideen?<br>\nLassen Sie es uns wissen.<\/h3>\t\t\t\t<\/div>\n\t\t\t\t<\/div>\n\t\t\t\t<div class=\"elementor-element elementor-element-953c4ab elementor-widget elementor-widget-text-editor\" data-id=\"953c4ab\" data-element_type=\"widget\" data-e-type=\"widget\" data-widget_type=\"text-editor.default\">\n\t\t\t\t<div class=\"elementor-widget-container\">\n\t\t\t\t\t\t\t\t\t<p>Sehr gerne nehmen wir Ihre W\u00fcnsche und Anregungen entgegen. Sie erreichen uns unter<br \/> Tel.: 07381 8859 oder per<br \/> E-Mail: info(at)buergernetz-alb.de<\/p>\t\t\t\t\t\t\t\t<\/div>\n\t\t\t\t<\/div>\n\t\t\t\t\t<\/div>\n\t\t<\/div>\n\t\t\t\t<div class=\"elementor-column elementor-col-50 elementor-top-column elementor-element elementor-element-2beb7a1\" data-id=\"2beb7a1\" data-element_type=\"column\" data-e-type=\"column\">\n\t\t\t<div class=\"elementor-widget-wrap elementor-element-populated\">\n\t\t\t\t\t\t<div class=\"elementor-element elementor-element-caed2e3 elementor-widget elementor-widget-heading\" data-id=\"caed2e3\" data-element_type=\"widget\" data-e-type=\"widget\" data-widget_type=\"heading.default\">\n\t\t\t\t<div class=\"elementor-widget-container\">\n\t\t\t\t\t<h3 class=\"elementor-heading-title elementor-size-default\">Bezahlbar?<br>\nSicher!<\/h3>\t\t\t\t<\/div>\n\t\t\t\t<\/div>\n\t\t\t\t<div class=\"elementor-element elementor-element-33caa7c elementor-widget elementor-widget-text-editor\" data-id=\"33caa7c\" data-element_type=\"widget\" data-e-type=\"widget\" data-widget_type=\"text-editor.default\">\n\t\t\t\t<div class=\"elementor-widget-container\">\n\t\t\t\t\t\t\t\t\tDas B\u00fcrgernetz Alb ist ein gemeinn\u00fctziger Verein der sich aus Mitgliederbeitr\u00e4gen finanziert.<br>\n&nbsp;<br>\n<strong>Informationen zu den Kosten finden Sie<\/strong> <a href=\"http:\/\/www.buergernetz-alb.de\/kosten\/\">hier<\/a>.\t\t\t\t\t\t\t\t<\/div>\n\t\t\t\t<\/div>\n\t\t\t\t\t<\/div>\n\t\t<\/div>\n\t\t\t\t\t<\/div>\n\t\t<\/section>\n\t\t\t\t<section class=\"elementor-section elementor-top-section elementor-element elementor-element-2aadd14 elementor-section-boxed elementor-section-height-default elementor-section-height-default\" data-id=\"2aadd14\" data-element_type=\"section\" data-e-type=\"section\">\n\t\t\t\t\t\t<div class=\"elementor-container elementor-column-gap-default\">\n\t\t\t\t\t<div class=\"elementor-column elementor-col-100 elementor-top-column elementor-element elementor-element-2aed6b2\" data-id=\"2aed6b2\" data-element_type=\"column\" data-e-type=\"column\">\n\t\t\t<div class=\"elementor-widget-wrap elementor-element-populated\">\n\t\t\t\t\t\t<div class=\"elementor-element elementor-element-9b5e337 elementor-widget elementor-widget-spacer\" data-id=\"9b5e337\" data-element_type=\"widget\" data-e-type=\"widget\" data-widget_type=\"spacer.default\">\n\t\t\t\t<div class=\"elementor-widget-container\">\n\t\t\t\t\t\t\t<div class=\"elementor-spacer\">\n\t\t\t<div class=\"elementor-spacer-inner\"><\/div>\n\t\t<\/div>\n\t\t\t\t\t\t<\/div>\n\t\t\t\t<\/div>\n\t\t\t\t\t<\/div>\n\t\t<\/div>\n\t\t\t\t\t<\/div>\n\t\t<\/section>\n\t\t\t\t<\/div>\n\t\t","protected":false},"excerpt":{"rendered":"<p>Wir f\u00fcr Sie Unsere Dienstleistungen bieten wir ausschlie\u00dflich f\u00fcr Mitglieder an. Weitere Informationen zur Mitgliedschaft finden Sie hier. Begleitung und Fahrdienste: z.B. Arzt, Post, Bank, Krankenhaus, \u2026 Unterst\u00fctzung\/Hilfestellung: f\u00fcr allgemeinen Schriftverkehr Botendienste: z.B. \u00dcberweisungen, Rezepte, Apotheke, Eink\u00e4ufe Unterst\u00fctzung bei Gartenarbeiten:&hellip; <\/p>\n","protected":false},"author":1,"featured_media":0,"parent":0,"menu_order":0,"comment_status":"closed","ping_status":"closed","template":"","meta":{"footnotes":""},"class_list":["post-251","page","type-page","status-publish","hentry"],"_links":{"self":[{"href":"https:\/\/www.buergernetz-alb.de\/bna\/wp-json\/wp\/v2\/pages\/251","targetHints":{"allow":["GET"]}}],"collection":[{"href":"https:\/\/www.buergernetz-alb.de\/bna\/wp-json\/wp\/v2\/pages"}],"about":[{"href":"https:\/\/www.buergernetz-alb.de\/bna\/wp-json\/wp\/v2\/types\/page"}],"author":[{"embeddable":true,"href":"https:\/\/www.buergernetz-alb.de\/bna\/wp-json\/wp\/v2\/users\/1"}],"replies":[{"embeddable":true,"href":"https:\/\/www.buergernetz-alb.de\/bna\/wp-json\/wp\/v2\/comments?post=251"}],"version-history":[{"count":15,"href":"https:\/\/www.buergernetz-alb.de\/bna\/wp-json\/wp\/v2\/pages\/251\/revisions"}],"predecessor-version":[{"id":508,"href":"https:\/\/www.buergernetz-alb.de\/bna\/wp-json\/wp\/v2\/pages\/251\/revisions\/508"}],"wp:attachment":[{"href":"https:\/\/www.buergernetz-alb.de\/bna\/wp-json\/wp\/v2\/media?parent=251"}],"curies":[{"name":"wp","href":"https:\/\/api.w.org\/{rel}","templated":true}]}}