{"id":278,"date":"2018-01-12T12:41:35","date_gmt":"2018-01-12T11:41:35","guid":{"rendered":"http:\/\/www.buergernetz-alb.de\/?page_id=278"},"modified":"2025-01-24T11:20:04","modified_gmt":"2025-01-24T10:20:04","slug":"kosten","status":"publish","type":"page","link":"https:\/\/www.buergernetz-alb.de\/bna\/kosten\/","title":{"rendered":"Kosten und Abrechnungen"},"content":{"rendered":"\t\t<div data-elementor-type=\"wp-post\" data-elementor-id=\"278\" class=\"elementor elementor-278\">\n\t\t\t\t\t\t<section class=\"elementor-section elementor-top-section elementor-element elementor-element-e5570cd elementor-section-boxed elementor-section-height-default elementor-section-height-default\" data-id=\"e5570cd\" data-element_type=\"section\" data-e-type=\"section\">\n\t\t\t\t\t\t<div class=\"elementor-container elementor-column-gap-default\">\n\t\t\t\t\t<div class=\"elementor-column elementor-col-100 elementor-top-column elementor-element elementor-element-501837b\" data-id=\"501837b\" data-element_type=\"column\" data-e-type=\"column\">\n\t\t\t<div class=\"elementor-widget-wrap elementor-element-populated\">\n\t\t\t\t\t\t<div class=\"elementor-element elementor-element-542adde elementor-widget elementor-widget-image\" data-id=\"542adde\" data-element_type=\"widget\" data-e-type=\"widget\" data-widget_type=\"image.default\">\n\t\t\t\t<div class=\"elementor-widget-container\">\n\t\t\t\t\t\t\t\t\t\t\t\t\t\t\t<img fetchpriority=\"high\" decoding=\"async\" width=\"300\" height=\"300\" src=\"https:\/\/www.buergernetz-alb.de\/wp-content\/uploads\/2020\/02\/buergernetz-alb-300x300.png\" class=\"attachment-medium size-medium wp-image-493\" alt=\"\" srcset=\"https:\/\/www.buergernetz-alb.de\/wp-content\/uploads\/2020\/02\/buergernetz-alb-300x300.png 300w, https:\/\/www.buergernetz-alb.de\/wp-content\/uploads\/2020\/02\/buergernetz-alb-150x150.png 150w, https:\/\/www.buergernetz-alb.de\/wp-content\/uploads\/2020\/02\/buergernetz-alb.png 512w\" sizes=\"(max-width: 300px) 100vw, 300px\" \/>\t\t\t\t\t\t\t\t\t\t\t\t\t\t\t<\/div>\n\t\t\t\t<\/div>\n\t\t\t\t<div class=\"elementor-element elementor-element-4f13646 elementor-widget elementor-widget-heading\" data-id=\"4f13646\" data-element_type=\"widget\" data-e-type=\"widget\" data-widget_type=\"heading.default\">\n\t\t\t\t<div class=\"elementor-widget-container\">\n\t\t\t\t\t<h3 class=\"elementor-heading-title elementor-size-default\">Kosten und Abrechnung<\/h3>\t\t\t\t<\/div>\n\t\t\t\t<\/div>\n\t\t\t\t\t<\/div>\n\t\t<\/div>\n\t\t\t\t\t<\/div>\n\t\t<\/section>\n\t\t\t\t<section class=\"elementor-section elementor-top-section elementor-element elementor-element-91caaad elementor-section-boxed elementor-section-height-default elementor-section-height-default\" data-id=\"91caaad\" data-element_type=\"section\" data-e-type=\"section\">\n\t\t\t\t\t\t<div class=\"elementor-container elementor-column-gap-no\">\n\t\t\t\t\t<div class=\"elementor-column elementor-col-100 elementor-top-column elementor-element elementor-element-1665b7a\" data-id=\"1665b7a\" data-element_type=\"column\" data-e-type=\"column\">\n\t\t\t<div class=\"elementor-widget-wrap elementor-element-populated\">\n\t\t\t\t\t\t<section class=\"elementor-section elementor-inner-section elementor-element elementor-element-37f090f elementor-section-boxed elementor-section-height-default elementor-section-height-default\" data-id=\"37f090f\" data-element_type=\"section\" data-e-type=\"section\">\n\t\t\t\t\t\t<div class=\"elementor-container elementor-column-gap-extended\">\n\t\t\t\t\t<div class=\"elementor-column elementor-col-33 elementor-inner-column elementor-element elementor-element-77dcc61\" data-id=\"77dcc61\" data-element_type=\"column\" data-e-type=\"column\">\n\t\t\t<div class=\"elementor-widget-wrap elementor-element-populated\">\n\t\t\t\t\t\t<div class=\"elementor-element elementor-element-45e4bc9 elementor-widget elementor-widget-text-editor\" data-id=\"45e4bc9\" data-element_type=\"widget\" data-e-type=\"widget\" data-widget_type=\"text-editor.default\">\n\t\t\t\t<div class=\"elementor-widget-container\">\n\t\t\t\t\t\t\t\t\t<p>Bitte beachten Sie, dass die Dienstleistungen und Hilfen nur in Anspruch genommen werden k\u00f6nnen, wenn Sie Mitglied im B\u00fcrgernetz Alb sind.<\/p><p><strong>Weitere Informationen <br \/>zur Mitgliedschaft <br \/>finden Sie<\/strong> <a href=\"http:\/\/www.buergernetz-alb.de\/mitglied\/\">hier.<\/a><\/p>\t\t\t\t\t\t\t\t<\/div>\n\t\t\t\t<\/div>\n\t\t\t\t\t<\/div>\n\t\t<\/div>\n\t\t\t\t<div class=\"elementor-column elementor-col-66 elementor-inner-column elementor-element elementor-element-b2f1a93\" data-id=\"b2f1a93\" data-element_type=\"column\" data-e-type=\"column\">\n\t\t\t<div class=\"elementor-widget-wrap elementor-element-populated\">\n\t\t\t\t\t\t<div class=\"elementor-element elementor-element-6d2163c elementor-widget elementor-widget-text-editor\" data-id=\"6d2163c\" data-element_type=\"widget\" data-e-type=\"widget\" data-widget_type=\"text-editor.default\">\n\t\t\t\t<div class=\"elementor-widget-container\">\n\t\t\t\t\t\t\t\t\t<h3>Stundensatz:<\/h3><p>F\u00fcr geleistete Arbeitsstunden stellt das B\u00fcrgernetz <strong>\u00a012,50 EUR<\/strong> pro Zeitstunde in Rechnung.<\/p><h3>Fahrtkostenentsch\u00e4digung:<\/h3><p>F\u00fcr Fahrdienste f\u00e4llt eine zus\u00e4tzliche Fahrkostenentsch\u00e4digung von <strong>0,40 EUR<\/strong> pro Kilometer an.<\/p><h3>Abrechnung:<\/h3><p>Die Abrechnung erfolgt in der Regel durch Barzahlung vor Ort. Gerne schreiben wir unseren Mitgliedern alternativ Stunden auf ein Zeitkonto gut. So k\u00f6nnen unsere Mitglieder jederzeit Dienstleistungen abrufen.<br \/>Weitere Informationen erhalten Sie bei Ernst Eberhardt<br \/>unter Telefon 07381 8859.<\/p>\t\t\t\t\t\t\t\t<\/div>\n\t\t\t\t<\/div>\n\t\t\t\t\t<\/div>\n\t\t<\/div>\n\t\t\t\t\t<\/div>\n\t\t<\/section>\n\t\t\t\t\t<\/div>\n\t\t<\/div>\n\t\t\t\t\t<\/div>\n\t\t<\/section>\n\t\t\t\t<section class=\"elementor-section elementor-top-section elementor-element elementor-element-10d78ea elementor-section-boxed elementor-section-height-default elementor-section-height-default\" data-id=\"10d78ea\" data-element_type=\"section\" data-e-type=\"section\">\n\t\t\t\t\t\t<div class=\"elementor-container elementor-column-gap-default\">\n\t\t\t\t\t<div class=\"elementor-column elementor-col-100 elementor-top-column elementor-element elementor-element-181450d\" data-id=\"181450d\" data-element_type=\"column\" data-e-type=\"column\">\n\t\t\t<div class=\"elementor-widget-wrap elementor-element-populated\">\n\t\t\t\t\t\t<div class=\"elementor-element elementor-element-9510196 elementor-widget elementor-widget-spacer\" data-id=\"9510196\" data-element_type=\"widget\" data-e-type=\"widget\" data-widget_type=\"spacer.default\">\n\t\t\t\t<div class=\"elementor-widget-container\">\n\t\t\t\t\t\t\t<div class=\"elementor-spacer\">\n\t\t\t<div class=\"elementor-spacer-inner\"><\/div>\n\t\t<\/div>\n\t\t\t\t\t\t<\/div>\n\t\t\t\t<\/div>\n\t\t\t\t\t<\/div>\n\t\t<\/div>\n\t\t\t\t\t<\/div>\n\t\t<\/section>\n\t\t\t\t<\/div>\n\t\t","protected":false},"excerpt":{"rendered":"<p>Kosten und Abrechnung Bitte beachten Sie, dass die Dienstleistungen und Hilfen nur in Anspruch genommen werden k\u00f6nnen, wenn Sie Mitglied im B\u00fcrgernetz Alb sind. Weitere Informationen zur Mitgliedschaft finden Sie hier. Stundensatz: F\u00fcr geleistete Arbeitsstunden stellt das B\u00fcrgernetz \u00a012,50 EUR&hellip; <\/p>\n","protected":false},"author":1,"featured_media":0,"parent":0,"menu_order":0,"comment_status":"closed","ping_status":"closed","template":"","meta":{"footnotes":""},"class_list":["post-278","page","type-page","status-publish","hentry"],"_links":{"self":[{"href":"https:\/\/www.buergernetz-alb.de\/bna\/wp-json\/wp\/v2\/pages\/278","targetHints":{"allow":["GET"]}}],"collection":[{"href":"https:\/\/www.buergernetz-alb.de\/bna\/wp-json\/wp\/v2\/pages"}],"about":[{"href":"https:\/\/www.buergernetz-alb.de\/bna\/wp-json\/wp\/v2\/types\/page"}],"author":[{"embeddable":true,"href":"https:\/\/www.buergernetz-alb.de\/bna\/wp-json\/wp\/v2\/users\/1"}],"replies":[{"embeddable":true,"href":"https:\/\/www.buergernetz-alb.de\/bna\/wp-json\/wp\/v2\/comments?post=278"}],"version-history":[{"count":9,"href":"https:\/\/www.buergernetz-alb.de\/bna\/wp-json\/wp\/v2\/pages\/278\/revisions"}],"predecessor-version":[{"id":592,"href":"https:\/\/www.buergernetz-alb.de\/bna\/wp-json\/wp\/v2\/pages\/278\/revisions\/592"}],"wp:attachment":[{"href":"https:\/\/www.buergernetz-alb.de\/bna\/wp-json\/wp\/v2\/media?parent=278"}],"curies":[{"name":"wp","href":"https:\/\/api.w.org\/{rel}","templated":true}]}}