{"id":291,"date":"2018-01-12T14:00:19","date_gmt":"2018-01-12T13:00:19","guid":{"rendered":"http:\/\/www.buergernetz-alb.de\/?page_id=291"},"modified":"2025-02-01T11:04:11","modified_gmt":"2025-02-01T10:04:11","slug":"mitglied","status":"publish","type":"page","link":"https:\/\/www.buergernetz-alb.de\/bna\/mitglied\/","title":{"rendered":"Mitgliedschaft"},"content":{"rendered":"\t\t<div data-elementor-type=\"wp-post\" data-elementor-id=\"291\" class=\"elementor elementor-291\">\n\t\t\t\t\t\t<section class=\"elementor-section elementor-top-section elementor-element elementor-element-e5570cd elementor-section-boxed elementor-section-height-default elementor-section-height-default\" data-id=\"e5570cd\" data-element_type=\"section\" data-e-type=\"section\">\n\t\t\t\t\t\t<div class=\"elementor-container elementor-column-gap-default\">\n\t\t\t\t\t<div class=\"elementor-column elementor-col-100 elementor-top-column elementor-element elementor-element-501837b\" data-id=\"501837b\" data-element_type=\"column\" data-e-type=\"column\">\n\t\t\t<div class=\"elementor-widget-wrap elementor-element-populated\">\n\t\t\t\t\t\t<div class=\"elementor-element elementor-element-542adde elementor-widget elementor-widget-image\" data-id=\"542adde\" data-element_type=\"widget\" data-e-type=\"widget\" data-widget_type=\"image.default\">\n\t\t\t\t<div class=\"elementor-widget-container\">\n\t\t\t\t\t\t\t\t\t\t\t\t\t\t\t<img fetchpriority=\"high\" decoding=\"async\" width=\"300\" height=\"300\" src=\"https:\/\/www.buergernetz-alb.de\/wp-content\/uploads\/2020\/02\/buergernetz-alb-300x300.png\" class=\"attachment-medium size-medium wp-image-493\" alt=\"\" srcset=\"https:\/\/www.buergernetz-alb.de\/wp-content\/uploads\/2020\/02\/buergernetz-alb-300x300.png 300w, https:\/\/www.buergernetz-alb.de\/wp-content\/uploads\/2020\/02\/buergernetz-alb-150x150.png 150w, https:\/\/www.buergernetz-alb.de\/wp-content\/uploads\/2020\/02\/buergernetz-alb.png 512w\" sizes=\"(max-width: 300px) 100vw, 300px\" \/>\t\t\t\t\t\t\t\t\t\t\t\t\t\t\t<\/div>\n\t\t\t\t<\/div>\n\t\t\t\t<div class=\"elementor-element elementor-element-4f13646 elementor-widget elementor-widget-heading\" data-id=\"4f13646\" data-element_type=\"widget\" data-e-type=\"widget\" data-widget_type=\"heading.default\">\n\t\t\t\t<div class=\"elementor-widget-container\">\n\t\t\t\t\t<h3 class=\"elementor-heading-title elementor-size-default\">Mitreden \u2013 Mitmachen \u2013 Mitarbeiten<\/h3>\t\t\t\t<\/div>\n\t\t\t\t<\/div>\n\t\t\t\t\t<\/div>\n\t\t<\/div>\n\t\t\t\t\t<\/div>\n\t\t<\/section>\n\t\t\t\t<section class=\"elementor-section elementor-top-section elementor-element elementor-element-1bd4162 elementor-section-boxed elementor-section-height-default elementor-section-height-default\" data-id=\"1bd4162\" data-element_type=\"section\" data-e-type=\"section\">\n\t\t\t\t\t\t<div class=\"elementor-container elementor-column-gap-default\">\n\t\t\t\t\t<div class=\"elementor-column elementor-col-100 elementor-top-column elementor-element elementor-element-aed2e34\" data-id=\"aed2e34\" data-element_type=\"column\" data-e-type=\"column\">\n\t\t\t<div class=\"elementor-widget-wrap elementor-element-populated\">\n\t\t\t\t\t\t<div class=\"elementor-element elementor-element-008018b elementor-widget elementor-widget-text-editor\" data-id=\"008018b\" data-element_type=\"widget\" data-e-type=\"widget\" data-widget_type=\"text-editor.default\">\n\t\t\t\t<div class=\"elementor-widget-container\">\n\t\t\t\t\t\t\t\t\t<p>Wir freuen uns, dass Sie bei uns Mitglied werden m\u00f6chten&#8230;<\/p>\t\t\t\t\t\t\t\t<\/div>\n\t\t\t\t<\/div>\n\t\t\t\t<div class=\"elementor-element elementor-element-e136201 elementor-view-default elementor-widget elementor-widget-icon\" data-id=\"e136201\" data-element_type=\"widget\" data-e-type=\"widget\" data-widget_type=\"icon.default\">\n\t\t\t\t<div class=\"elementor-widget-container\">\n\t\t\t\t\t\t\t<div class=\"elementor-icon-wrapper\">\n\t\t\t<a class=\"elementor-icon\" href=\"https:\/\/www.buergernetz-alb.de\/wp-content\/uploads\/2025\/02\/Beitritterklaerung-25.pdf\" target=\"_blank\">\n\t\t\t\t\t\t\t<i class=\"fa fa-download\" aria-hidden=\"true\"><\/i>\n\t\t\t\t\t\t<\/a>\n\t\t<\/div>\n\t\t\t\t\t\t<\/div>\n\t\t\t\t<\/div>\n\t\t\t\t<div class=\"elementor-element elementor-element-874d4db elementor-widget elementor-widget-text-editor\" data-id=\"874d4db\" data-element_type=\"widget\" data-e-type=\"widget\" data-widget_type=\"text-editor.default\">\n\t\t\t\t<div class=\"elementor-widget-container\">\n\t\t\t\t\t\t\t\t\t<p><a href=\"https:\/\/www.buergernetz-alb.de\/wp-content\/uploads\/2025\/02\/Beitritterklaerung-25.pdf\" target=\"_blank\" rel=\"noopener\">hier<\/a> <strong>k\u00f6nnen Sie unseren Mitgliedsantrag herunterladen<\/strong><\/p>\t\t\t\t\t\t\t\t<\/div>\n\t\t\t\t<\/div>\n\t\t\t\t\t<\/div>\n\t\t<\/div>\n\t\t\t\t\t<\/div>\n\t\t<\/section>\n\t\t\t\t<section class=\"elementor-section elementor-top-section elementor-element elementor-element-f398b51 elementor-section-boxed elementor-section-height-default elementor-section-height-default\" data-id=\"f398b51\" data-element_type=\"section\" data-e-type=\"section\">\n\t\t\t\t\t\t<div class=\"elementor-container elementor-column-gap-default\">\n\t\t\t\t\t<div class=\"elementor-column elementor-col-100 elementor-top-column elementor-element elementor-element-e6db37a\" data-id=\"e6db37a\" data-element_type=\"column\" data-e-type=\"column\">\n\t\t\t<div class=\"elementor-widget-wrap elementor-element-populated\">\n\t\t\t\t\t\t<div class=\"elementor-element elementor-element-6189287 elementor-widget elementor-widget-heading\" data-id=\"6189287\" data-element_type=\"widget\" data-e-type=\"widget\" data-widget_type=\"heading.default\">\n\t\t\t\t<div class=\"elementor-widget-container\">\n\t\t\t\t\t<h3 class=\"elementor-heading-title elementor-size-default\">Mitgliedsbeitr\u00e4ge<\/h3>\t\t\t\t<\/div>\n\t\t\t\t<\/div>\n\t\t\t\t\t<\/div>\n\t\t<\/div>\n\t\t\t\t\t<\/div>\n\t\t<\/section>\n\t\t\t\t<section class=\"elementor-section elementor-top-section elementor-element elementor-element-91caaad elementor-section-boxed elementor-section-height-default elementor-section-height-default\" data-id=\"91caaad\" data-element_type=\"section\" data-e-type=\"section\">\n\t\t\t\t\t\t<div class=\"elementor-container elementor-column-gap-extended\">\n\t\t\t\t\t<div class=\"elementor-column elementor-col-33 elementor-top-column elementor-element elementor-element-1665b7a\" data-id=\"1665b7a\" data-element_type=\"column\" data-e-type=\"column\">\n\t\t\t<div class=\"elementor-widget-wrap elementor-element-populated\">\n\t\t\t\t\t\t<div class=\"elementor-element elementor-element-6d2163c elementor-widget elementor-widget-text-editor\" data-id=\"6d2163c\" data-element_type=\"widget\" data-e-type=\"widget\" data-widget_type=\"text-editor.default\">\n\t\t\t\t<div class=\"elementor-widget-container\">\n\t\t\t\t\t\t\t\t\t<p><strong>F\u00fcr eine Mitgliedschaft ist es nicht erforderlich, dass Sie mitarbeiten bzw. eine Dienstleistung anbieten. Jedes Mitglied kann Dienstleistungen in Anspruch nehmen.<\/strong><\/p>\t\t\t\t\t\t\t\t<\/div>\n\t\t\t\t<\/div>\n\t\t\t\t\t<\/div>\n\t\t<\/div>\n\t\t\t\t<div class=\"elementor-column elementor-col-66 elementor-top-column elementor-element elementor-element-3b69aeb\" data-id=\"3b69aeb\" data-element_type=\"column\" data-e-type=\"column\">\n\t\t\t<div class=\"elementor-widget-wrap elementor-element-populated\">\n\t\t\t\t\t\t<div class=\"elementor-element elementor-element-454c550 elementor-widget elementor-widget-text-editor\" data-id=\"454c550\" data-element_type=\"widget\" data-e-type=\"widget\" data-widget_type=\"text-editor.default\">\n\t\t\t\t<div class=\"elementor-widget-container\">\n\t\t\t\t\t\t\t\t\t<ul><li><span style=\"color: #99ccff;\"><strong>Einzelmitglied<\/strong><\/span> <br \/>(unter 18 Jahre) <strong>Jahresbeitrag: 10,00 \u20ac<\/strong><\/li><li><span style=\"color: #99ccff;\"><strong>Einzelmitglied<br \/><\/strong> <\/span>(Erwachsene) <strong><strong>Jahresbeitrag: 18,00 \u20ac<\/strong><\/strong><p>\u00a0<\/p><\/li><li><strong><strong><span style=\"color: #99ccff;\">Familienmitgliedschaft<br \/><\/span> Jahresbeitrag: 30,00 \u20ac<\/strong><\/strong><p>\u00a0<\/p><\/li><li><span style=\"color: #99ccff;\"><strong>K\u00f6rperschaft<\/strong><\/span> <br \/><strong>Jahresbeitrag: 50,00 \u20ac.<\/strong><\/li><\/ul>\t\t\t\t\t\t\t\t<\/div>\n\t\t\t\t<\/div>\n\t\t\t\t\t<\/div>\n\t\t<\/div>\n\t\t\t\t\t<\/div>\n\t\t<\/section>\n\t\t\t\t<\/div>\n\t\t","protected":false},"excerpt":{"rendered":"<p>Mitreden \u2013 Mitmachen \u2013 Mitarbeiten Wir freuen uns, dass Sie bei uns Mitglied werden m\u00f6chten&#8230; hier k\u00f6nnen Sie unseren Mitgliedsantrag herunterladen Mitgliedsbeitr\u00e4ge F\u00fcr eine Mitgliedschaft ist es nicht erforderlich, dass Sie mitarbeiten bzw. eine Dienstleistung anbieten. Jedes Mitglied kann Dienstleistungen&hellip; <\/p>\n","protected":false},"author":1,"featured_media":0,"parent":0,"menu_order":0,"comment_status":"closed","ping_status":"closed","template":"","meta":{"footnotes":""},"class_list":["post-291","page","type-page","status-publish","hentry"],"_links":{"self":[{"href":"https:\/\/www.buergernetz-alb.de\/bna\/wp-json\/wp\/v2\/pages\/291","targetHints":{"allow":["GET"]}}],"collection":[{"href":"https:\/\/www.buergernetz-alb.de\/bna\/wp-json\/wp\/v2\/pages"}],"about":[{"href":"https:\/\/www.buergernetz-alb.de\/bna\/wp-json\/wp\/v2\/types\/page"}],"author":[{"embeddable":true,"href":"https:\/\/www.buergernetz-alb.de\/bna\/wp-json\/wp\/v2\/users\/1"}],"replies":[{"embeddable":true,"href":"https:\/\/www.buergernetz-alb.de\/bna\/wp-json\/wp\/v2\/comments?post=291"}],"version-history":[{"count":17,"href":"https:\/\/www.buergernetz-alb.de\/bna\/wp-json\/wp\/v2\/pages\/291\/revisions"}],"predecessor-version":[{"id":604,"href":"https:\/\/www.buergernetz-alb.de\/bna\/wp-json\/wp\/v2\/pages\/291\/revisions\/604"}],"wp:attachment":[{"href":"https:\/\/www.buergernetz-alb.de\/bna\/wp-json\/wp\/v2\/media?parent=291"}],"curies":[{"name":"wp","href":"https:\/\/api.w.org\/{rel}","templated":true}]}}