{"id":300,"date":"2018-01-12T15:17:10","date_gmt":"2018-01-12T14:17:10","guid":{"rendered":"http:\/\/www.buergernetz-alb.de\/?page_id=300"},"modified":"2020-05-14T13:45:23","modified_gmt":"2020-05-14T11:45:23","slug":"satzung","status":"publish","type":"page","link":"https:\/\/www.buergernetz-alb.de\/bna\/satzung\/","title":{"rendered":"Satzung"},"content":{"rendered":"\t\t<div data-elementor-type=\"wp-post\" data-elementor-id=\"300\" class=\"elementor elementor-300\">\n\t\t\t\t\t\t<section class=\"elementor-section elementor-top-section elementor-element elementor-element-e5570cd elementor-section-boxed elementor-section-height-default elementor-section-height-default\" data-id=\"e5570cd\" data-element_type=\"section\" data-e-type=\"section\">\n\t\t\t\t\t\t<div class=\"elementor-container elementor-column-gap-default\">\n\t\t\t\t\t<div class=\"elementor-column elementor-col-100 elementor-top-column elementor-element elementor-element-501837b\" data-id=\"501837b\" data-element_type=\"column\" data-e-type=\"column\">\n\t\t\t<div class=\"elementor-widget-wrap elementor-element-populated\">\n\t\t\t\t\t\t<div class=\"elementor-element elementor-element-542adde elementor-widget elementor-widget-image\" data-id=\"542adde\" data-element_type=\"widget\" data-e-type=\"widget\" data-widget_type=\"image.default\">\n\t\t\t\t<div class=\"elementor-widget-container\">\n\t\t\t\t\t\t\t\t\t\t\t\t\t\t\t<img fetchpriority=\"high\" decoding=\"async\" width=\"300\" height=\"300\" src=\"https:\/\/www.buergernetz-alb.de\/wp-content\/uploads\/2020\/02\/buergernetz-alb-300x300.png\" class=\"attachment-medium size-medium wp-image-493\" alt=\"\" srcset=\"https:\/\/www.buergernetz-alb.de\/wp-content\/uploads\/2020\/02\/buergernetz-alb-300x300.png 300w, https:\/\/www.buergernetz-alb.de\/wp-content\/uploads\/2020\/02\/buergernetz-alb-150x150.png 150w, https:\/\/www.buergernetz-alb.de\/wp-content\/uploads\/2020\/02\/buergernetz-alb.png 512w\" sizes=\"(max-width: 300px) 100vw, 300px\" \/>\t\t\t\t\t\t\t\t\t\t\t\t\t\t\t<\/div>\n\t\t\t\t<\/div>\n\t\t\t\t<div class=\"elementor-element elementor-element-4f13646 elementor-widget elementor-widget-heading\" data-id=\"4f13646\" data-element_type=\"widget\" data-e-type=\"widget\" data-widget_type=\"heading.default\">\n\t\t\t\t<div class=\"elementor-widget-container\">\n\t\t\t\t\t<h3 class=\"elementor-heading-title elementor-size-default\">Die Satzung B\u00fcrgernetz Alb e.V.<\/h3>\t\t\t\t<\/div>\n\t\t\t\t<\/div>\n\t\t\t\t\t<\/div>\n\t\t<\/div>\n\t\t\t\t\t<\/div>\n\t\t<\/section>\n\t\t\t\t<section class=\"elementor-section elementor-top-section elementor-element elementor-element-91caaad elementor-section-boxed elementor-section-height-default elementor-section-height-default\" data-id=\"91caaad\" data-element_type=\"section\" data-e-type=\"section\">\n\t\t\t\t\t\t<div class=\"elementor-container elementor-column-gap-no\">\n\t\t\t\t\t<div class=\"elementor-column elementor-col-100 elementor-top-column elementor-element elementor-element-1665b7a\" data-id=\"1665b7a\" data-element_type=\"column\" data-e-type=\"column\">\n\t\t\t<div class=\"elementor-widget-wrap elementor-element-populated\">\n\t\t\t\t\t\t<section class=\"elementor-section elementor-inner-section elementor-element elementor-element-37f090f elementor-section-boxed elementor-section-height-default elementor-section-height-default\" data-id=\"37f090f\" data-element_type=\"section\" data-e-type=\"section\">\n\t\t\t\t\t\t<div class=\"elementor-container elementor-column-gap-extended\">\n\t\t\t\t\t<div class=\"elementor-column elementor-col-33 elementor-inner-column elementor-element elementor-element-77dcc61\" data-id=\"77dcc61\" data-element_type=\"column\" data-e-type=\"column\">\n\t\t\t<div class=\"elementor-widget-wrap elementor-element-populated\">\n\t\t\t\t\t\t<div class=\"elementor-element elementor-element-bf4710d elementor-align-left elementor-widget elementor-widget-button\" data-id=\"bf4710d\" data-element_type=\"widget\" data-e-type=\"widget\" data-widget_type=\"button.default\">\n\t\t\t\t<div class=\"elementor-widget-container\">\n\t\t\t\t\t\t\t\t\t<div class=\"elementor-button-wrapper\">\n\t\t\t\t\t<a class=\"elementor-button elementor-button-link elementor-size-sm\" href=\"https:\/\/www.buergernetz-alb.de\/wp-content\/uploads\/2020\/05\/Genehmigte_Satzung.pdf\" target=\"_blank\">\n\t\t\t\t\t\t<span class=\"elementor-button-content-wrapper\">\n\t\t\t\t\t\t<span class=\"elementor-button-icon\">\n\t\t\t\t\t\t\t\t\t<i class=\"fa fa-download\" aria-hidden=\"true\"><\/i>\n\t\t\t\t\t\t\t<\/span>\n\t\t\t\t\t\t\t\t\t<span class=\"elementor-button-text\">... Download Satzung (pdf)<\/span>\n\t\t\t\t\t<\/span>\n\t\t\t\t\t<\/a>\n\t\t\t\t<\/div>\n\t\t\t\t\t\t\t\t<\/div>\n\t\t\t\t<\/div>\n\t\t\t\t\t<\/div>\n\t\t<\/div>\n\t\t\t\t<div class=\"elementor-column elementor-col-66 elementor-inner-column elementor-element elementor-element-b2f1a93\" data-id=\"b2f1a93\" data-element_type=\"column\" data-e-type=\"column\">\n\t\t\t<div class=\"elementor-widget-wrap elementor-element-populated\">\n\t\t\t\t\t\t<div class=\"elementor-element elementor-element-6d2163c elementor-widget elementor-widget-text-editor\" data-id=\"6d2163c\" data-element_type=\"widget\" data-e-type=\"widget\" data-widget_type=\"text-editor.default\">\n\t\t\t\t<div class=\"elementor-widget-container\">\n\t\t\t\t\t\t\t\t\t<p><b>\u00a7 1<\/b> <b>Name, Sitz, Rechtsform und Gesch\u00e4ftsjahr<\/b><br \/> 1. Der Verein \u201eB\u00fcrgernetz Alb, Verein zur gegenseitigen Hilfeleistung im Alltag e.V.\u201c mit Sitz in<br \/> M\u00fcnsingen verfolgt ausschlie\u00dflich und unmittelbar gemeinn\u00fctzige Zwecke im Sinne des<br \/> Abschnitts &#8222;Steuerbeg\u00fcnstigte Zwecke&#8220; der Abgabenordnung.<br \/> 2. Der Verein hat die Rechtsform des eingetragenen Vereins, er soll in das Vereinsregister des<br \/> Amtsgerichts M\u00fcnsingen eingetragen werden.<br \/> 3. Gesch\u00e4ftsjahr ist das Kalenderjahr.<\/p><p><b>\u00a7 2 Zweck des Vereins, Gemeinn\u00fctzigkeit<\/b><br \/> 1. Zweck des Vereins ist die Altenhilfe und die Unterst\u00fctzung hilfsbed\u00fcrftiger Personen.<br \/> 2. Der Satzungszweck wird verwirklicht insbesondere durch Vorhaben, die der Versorgung von<br \/> hilfsbed\u00fcrftigen Mitgliedern dienen. Dies erfolgt in Abstimmung mit den jeweils bestehenden<br \/> Angeboten sozialer Einrichtungen wie Kirchen, Kommunen, Verb\u00e4nden und Gruppen. Die vom<br \/> Verein angebotenen Leistungen werden auf der Basis von Gegenseitigkeit in Geld, Arbeitsleistung<br \/> oder Zeitguthaben abgegolten.<br \/> 3. Der Verein ist selbstlos t\u00e4tig. Er verfolgt nicht in erster Linie eigenwirtschaftliche Zwecke.<br \/> 4. Mittel des Vereins d\u00fcrfen nur f\u00fcr die satzungsm\u00e4\u00dfigen Zwecke verwendet werden. Die Mitglieder<br \/> erhalten keine Zuwendungen aus Mitteln des Vereins.<br \/> 5. Es darf keine Person durch Ausgaben, die dem Zweck des Vereins fremd sind, oder durch<br \/> unverh\u00e4ltnism\u00e4\u00dfig hohe Verg\u00fctungen beg\u00fcnstigt werden.<br \/> 6. Mitglieder, die aus dem Verein ausscheiden, erhalten nicht mehr als den Wert der nicht verg\u00fcteten<br \/> Arbeitsleistung zur\u00fcck. Dasselbe gilt bei Aufl\u00f6sung des Vereins. Der Anspruch auf Ersatz der<br \/> nachgewiesenen Auslagen sowie von angemessenen Verg\u00fctungen f\u00fcr Dienstleistungen bleiben<br \/> hiervon unber\u00fchrt.<br \/> 7. Etwaige Anstellungsverh\u00e4ltnisse der Helfer richten sich nach den jeweils geltenden arbeits- und<br \/> tarifrechtlichen Bestimmungen.<br \/> 8. Der Wert der freiwilligen Zeitleistung wird vom Vorstand in der Gesch\u00e4ftsordnung festgelegt.<\/p><p><b>\u00a7 3 Haushaltsmittel<\/b><br \/> Die Mittel, die der Verein zur Erf\u00fcllung seiner Aufgaben ben\u00f6tigt, werden im Wesentlichen<br \/> aufgebracht durch Mitgliedsbeitr\u00e4ge, Beitr\u00e4ge, Spenden, \u00f6ffentliche Zusch\u00fcsse, private Zuwendungen<br \/> und Zweckbetriebe.<\/p><p><b>\u00a7 4 Kooperationen<\/b><br \/> Der Verein strebt eine enge Zusammenarbeit mit den \u00f6rtlichen st\u00e4dtischen Einrichtungen, Vereinen,<br \/> B\u00fcrgerinitiativen und den sonstigen sozialen Einrichtungen an. Einzelheiten der Zusammenarbeit<br \/> werden gegebenenfalls durch Kooperationsvertr\u00e4ge geregelt.<\/p><p><b>\u00a7 5 Mitgliedschaft<\/b><br \/> 1.a) Mitglied kann jede nat\u00fcrliche und jede juristische Person werden.<br \/> b) Der Beitritt erfolgt durch eine schriftliche Beitrittserkl\u00e4rung.<br \/> c) Es werden Mitgliedsbeitr\u00e4ge erhoben. \u00dcber F\u00e4lligkeit und H\u00f6he entscheidet die<br \/> Mitgliederversammlung.<br \/> 2. Die Mitgliedschaft erlischt<br \/> a) durch Tod. Erlischt die Mitgliedschaft durch Tod, kann ein Erbe die Fortsetzung der<br \/> Mitgliedschaft beantragen. \u00dcber den Aufnahmeantrag entscheidet der Vorstand. Wird dem<br \/> Antrag nicht stattgegeben, oder w\u00fcnscht der Erbe keine Fortsetzung der Mitgliedschaft, sind<br \/> Guthaben von Verstorbenen entsprechend den satzungsm\u00e4\u00dfigen und gesetzlichen Bestimmungen<br \/> zu erstatten, oder der Erbe kann den Gegenwert eines Zeitguthabens dem Verein spenden.<br \/> b) durch freiwilligen Austritt. Dieser ist jeweils zum Ende des Gesch\u00e4ftsjahres m\u00f6glich und muss<br \/> schriftlich gegen\u00fcber dem Vorstand erkl\u00e4rt werden.<br \/> c) durch Ausschluss bei satzungswidrigem Verhalten des betreffenden Mitglieds. Hierzu ist ein<br \/> Beschluss von 2\/3 der Mitgliederversammlung erforderlich.<\/p><p><b>\u00a7 6 Organe des Vereins<\/b><br \/> Organe des Vereins sind<br \/> 1. die Mitgliederversammlung<br \/> 2. der Vorstand.<\/p><p><b>\u00a7 7 Mitgliederversammlung<\/b><br \/> 1. J\u00e4hrlich einmal hat der Vorstand eine ordentliche Mitgliederversammlung einzuberufen. Der<br \/> Vorstand bestimmt, wer die Sitzung leitet. Ist eine solche Bestimmung nicht erfolgt, leitet der<br \/> Vorsitzende die Mitgliederversammlung, andernfalls einer der stellvertretenden Vorsitzenden. Ein<br \/> Protokollf\u00fchrer ist zu benennen.<br \/> 2. Au\u00dfer den ihr durch Gesetz oder Satzung zugewiesenen Befugnissen hat die ordentliche<br \/> Mitgliederversammlung folgende Aufgaben:<br \/> a) Entgegennahme des Jahresberichtes des Vorstands<br \/> b) Wahl und Abberufung des Vorstands<br \/> c) Wahl des Vorsitzenden und zweier Stellvertreter<br \/> d) Wahl von zwei Rechnungspr\u00fcfern f\u00fcr die volle Amtsperiode. Diese d\u00fcrfen dem Vorstand nicht<br \/> angeh\u00f6ren.<br \/> e) Beschlussfassung \u00fcber die Jahresrechnung und die Entlastung des Vorstands<br \/> f) Beschlussfassung \u00fcber den Mitgliedsbeitrag und \u00fcber neue bzw. aufzugebende Aktivit\u00e4ten<br \/> g) Satzungs\u00e4nderungen<br \/> h) Beschlussfassung \u00fcber die Aufl\u00f6sung des Vereins<\/p><p>3. Au\u00dferordentliche Mitgliederversammlungen sind einzuberufen, wenn mindestens 25 % der<br \/> Vereinsmitglieder dies unter Angabe einer Tagesordnung verlangen oder wenn der Vorstand die<br \/> Einberufung einer solchen au\u00dferordentlichen Mitgliederversammlung f\u00fcr notwendig erachtet.<br \/> 4. Zu allen Mitgliederversammlungen sind die Mitglieder in der Regel 14 Tage vor der Versammlung<br \/> schriftlich oder in der \u00f6rtlichen Presse unter Angabe der Tagesordnung einzuladen. Antr\u00e4ge der<br \/> Mitglieder m\u00fcssen 5 Tage vor der Mitgliederversammlung schriftlich dem Vorstand eingereicht<br \/> werden.<br \/> 5. Mitgliederversammlungen sind ohne R\u00fccksicht auf die Zahl der erschienenen Mitglieder<br \/> beschlussf\u00e4hig.<br \/> Stimmberechtigt sind Mitglieder, die das 18. Lebensjahr vollendet haben. Juristische Personen<br \/> haben jeweils eine Stimme. Ein Mitglied kann sich durch ein anderes Mitglied unter Erteilung<br \/> einer in der Versammlung vorzulegenden Vollmacht vertreten lassen. Ein Mitglied kann h\u00f6chstens<br \/> ein anderes Mitglied vertreten.<br \/> 6. Die Mitgliederversammlung entscheidet mit einfacher Mehrheit der abgegebenen Stimmen, soweit<br \/> nicht in dieser Satzung etwas anderes bestimmt oder durch ein Gesetz zwingend vorgeschrieben<br \/> ist. Zu Beschl\u00fcssen \u00fcber \u00c4nderungen der Satzung, auch zur \u00c4nderung des Satzungszweckes oder<br \/> Aufl\u00f6sung des Vereins, ist eine Mehrheit von 2\/3 der erschienenen und vertretenen Mitglieder<br \/> erforderlich.<br \/> 7. F\u00fcr jede Mitgliederversammlung ist eine Niederschrift zu fertigen, die vom Versammlungsleiter<br \/> und Verfasser der Niederschrift zu unterschreiben ist. Die Niederschrift ist den Mitgliedern<br \/> zug\u00e4nglich zu machen.<\/p><p><b>\u00a7 8 Vorstand<\/b><br \/> 1. Der Vorstand wird durch die Mitgliederversammlung aus ihrer Mitte auf 3 Jahre gew\u00e4hlt.<br \/> Wiederwahl ist zul\u00e4ssig.<br \/> Der Vorstand besteht aus 5-7 Mitgliedern.<br \/> Der Vorstand im Sinne des \u00a7 26 BGB besteht aus dem Vorsitzenden und 2 stellvertretenden<br \/> Vorsitzenden, jeweils mit Einzelvertretungsberechtigung.<br \/> Die Ressortleiter nehmen als beratende Mitglieder an den Vorstandssitzungen teil.<br \/> 2. Der Vorstand f\u00fchrt die laufenden Gesch\u00e4fte des Vereins. Zu den Vorstandssitzungen ist in der<br \/> Regel 10 Tage vorher schriftlich unter Angabe der Tagesordnung einzuladen. Der Vorstand fasst<br \/> seine Beschl\u00fcsse mit einfacher Mehrheit aller Vorstandsmitglieder. Er ist beschlussf\u00e4hig, wenn<br \/> ordnungsgem\u00e4\u00df eingeladen wurde und wenigstens die H\u00e4lfte der Vorstandsmitglieder erschienen<br \/> sind.<br \/> 3. Der Vorstand erstellt die Gesch\u00e4ftsordnung, welche von der Mitgliederversammlung best\u00e4tigt<br \/> werden muss.<br \/> 4. Die Mitgliederversammlung kann auch vor Ablauf der Amtszeit eines Vorstandsmitglieds einzelne<br \/> Vorstandsmitglieder abberufen; diese scheiden sofort aus ihrem Amt aus.<br \/> 5. Vorstandsmitglieder bleiben nach Ablauf der Amtszeit bis zur Wahl des neuen Vorstands im Amt.<br \/> 6. \u00dcber Beschl\u00fcsse des Vorstands ist eine Niederschrift zu fertigen, die von zwei<br \/> Vorstandsmitgliedern zu unterzeichnen ist, darunter dem Schriftf\u00fchrer. Diese Niederschrift ist<br \/> umgehend allen Vorstandsmitgliedern zuzustellen.<br \/> 7. Der Vorstand kann einzelne Personen oder Personengruppen mit der Wahrnehmung bestimmter<br \/> Aufgaben betrauen.<\/p><p><b>\u00a7 9 Verg\u00fctungen<\/b><br \/> 1. Das Amt des Vereinsvorstands wird grunds\u00e4tzlich ehrenamtlich ausgef\u00fchrt.<br \/> 2. Die Mitgliederversammlung kann abweichend von Ziff. 1 beschlie\u00dfen, dass dem Vorstand f\u00fcr<br \/> seine Vorstandst\u00e4tigkeit eine Verg\u00fctung im Rahmen \u00a7 3, Ziff. 26a EStG bezahlt wird.<\/p><p><b>\u00a7 10 Aufl\u00f6sung<\/b><br \/> 1. Bei Aufl\u00f6sung des Vereins oder bei Wegfall steuerbeg\u00fcnstigter Zwecke f\u00e4llt das Verm\u00f6gen des<br \/> Vereins an die Stadt M\u00fcnsingen, die es unmittelbar und ausschlie\u00dflich f\u00fcr gemeinn\u00fctzige und<br \/> mildt\u00e4tige Zwecke zu verwenden hat.<br \/> Zuvor sind alle Verbindlichkeiten abzul\u00f6sen, alle Darlehen zur\u00fcckzuerstatten und alle bisher nicht<br \/> verg\u00fcteten Arbeitsleistungen zu verg\u00fcten.<br \/> 2. Im Fall der Aufl\u00f6sung des Vereins erfolgt die Liquidation durch die zur Zeit der Aufl\u00f6sung<br \/> amtierenden Vorstandsmitglieder, falls nicht die die Aufl\u00f6sung beschlie\u00dfende<br \/> Mitgliederversammlung etwas anderes mit Stimmenmehrheit bestimmt. Je zwei Liquidatoren<br \/> vertreten gemeinschaftlich.<\/p><p><b>\u00a7 11 Sonstiges<\/b><br \/> Soweit wir in dieser Satzung Funktions- und T\u00e4tigkeitsbezeichnungen verwendet haben, ist darunter<br \/> auch die jeweils weibliche Form zu verstehen. Um der leichteren Lesbarkeit willen haben wir darauf<br \/> verzichtet, in jedem Einzelfall beide Formen in den Text aufzunehmen.<\/p><p><br \/> <strong>Die Satzung wurde in der Gr\u00fcndungsversammlung<br \/> vom 23.7.2014 erstellt.<\/strong><\/p>\t\t\t\t\t\t\t\t<\/div>\n\t\t\t\t<\/div>\n\t\t\t\t\t<\/div>\n\t\t<\/div>\n\t\t\t\t\t<\/div>\n\t\t<\/section>\n\t\t\t\t\t<\/div>\n\t\t<\/div>\n\t\t\t\t\t<\/div>\n\t\t<\/section>\n\t\t\t\t<section class=\"elementor-section elementor-top-section elementor-element elementor-element-10d78ea elementor-section-boxed elementor-section-height-default elementor-section-height-default\" data-id=\"10d78ea\" data-element_type=\"section\" data-e-type=\"section\">\n\t\t\t\t\t\t<div class=\"elementor-container elementor-column-gap-default\">\n\t\t\t\t\t<div class=\"elementor-column elementor-col-100 elementor-top-column elementor-element elementor-element-181450d\" data-id=\"181450d\" data-element_type=\"column\" data-e-type=\"column\">\n\t\t\t<div class=\"elementor-widget-wrap elementor-element-populated\">\n\t\t\t\t\t\t<div class=\"elementor-element elementor-element-9510196 elementor-widget elementor-widget-spacer\" data-id=\"9510196\" data-element_type=\"widget\" data-e-type=\"widget\" data-widget_type=\"spacer.default\">\n\t\t\t\t<div class=\"elementor-widget-container\">\n\t\t\t\t\t\t\t<div class=\"elementor-spacer\">\n\t\t\t<div class=\"elementor-spacer-inner\"><\/div>\n\t\t<\/div>\n\t\t\t\t\t\t<\/div>\n\t\t\t\t<\/div>\n\t\t\t\t\t<\/div>\n\t\t<\/div>\n\t\t\t\t\t<\/div>\n\t\t<\/section>\n\t\t\t\t<\/div>\n\t\t","protected":false},"excerpt":{"rendered":"<p>Die Satzung B\u00fcrgernetz Alb e.V. &#8230; Download Satzung (pdf) \u00a7 1 Name, Sitz, Rechtsform und Gesch\u00e4ftsjahr 1. Der Verein \u201eB\u00fcrgernetz Alb, Verein zur gegenseitigen Hilfeleistung im Alltag e.V.\u201c mit Sitz in M\u00fcnsingen verfolgt ausschlie\u00dflich und unmittelbar gemeinn\u00fctzige Zwecke im Sinne&hellip; <\/p>\n","protected":false},"author":1,"featured_media":0,"parent":0,"menu_order":0,"comment_status":"closed","ping_status":"closed","template":"","meta":{"footnotes":""},"class_list":["post-300","page","type-page","status-publish","hentry"],"_links":{"self":[{"href":"https:\/\/www.buergernetz-alb.de\/bna\/wp-json\/wp\/v2\/pages\/300","targetHints":{"allow":["GET"]}}],"collection":[{"href":"https:\/\/www.buergernetz-alb.de\/bna\/wp-json\/wp\/v2\/pages"}],"about":[{"href":"https:\/\/www.buergernetz-alb.de\/bna\/wp-json\/wp\/v2\/types\/page"}],"author":[{"embeddable":true,"href":"https:\/\/www.buergernetz-alb.de\/bna\/wp-json\/wp\/v2\/users\/1"}],"replies":[{"embeddable":true,"href":"https:\/\/www.buergernetz-alb.de\/bna\/wp-json\/wp\/v2\/comments?post=300"}],"version-history":[{"count":9,"href":"https:\/\/www.buergernetz-alb.de\/bna\/wp-json\/wp\/v2\/pages\/300\/revisions"}],"predecessor-version":[{"id":523,"href":"https:\/\/www.buergernetz-alb.de\/bna\/wp-json\/wp\/v2\/pages\/300\/revisions\/523"}],"wp:attachment":[{"href":"https:\/\/www.buergernetz-alb.de\/bna\/wp-json\/wp\/v2\/media?parent=300"}],"curies":[{"name":"wp","href":"https:\/\/api.w.org\/{rel}","templated":true}]}}