{"id":377,"date":"2018-06-13T10:54:59","date_gmt":"2018-06-13T08:54:59","guid":{"rendered":"http:\/\/www.buergernetz-alb.de\/bna\/?page_id=377"},"modified":"2020-05-14T13:46:59","modified_gmt":"2020-05-14T11:46:59","slug":"gruendungsprotokoll","status":"publish","type":"page","link":"https:\/\/www.buergernetz-alb.de\/bna\/gruendungsprotokoll\/","title":{"rendered":"Gr\u00fcndungsprotokoll"},"content":{"rendered":"\t\t<div data-elementor-type=\"wp-post\" data-elementor-id=\"377\" class=\"elementor elementor-377\">\n\t\t\t\t\t\t<section class=\"elementor-section elementor-top-section elementor-element elementor-element-e5570cd elementor-section-boxed elementor-section-height-default elementor-section-height-default\" data-id=\"e5570cd\" data-element_type=\"section\" data-e-type=\"section\">\n\t\t\t\t\t\t<div class=\"elementor-container elementor-column-gap-default\">\n\t\t\t\t\t<div class=\"elementor-column elementor-col-100 elementor-top-column elementor-element elementor-element-501837b\" data-id=\"501837b\" data-element_type=\"column\" data-e-type=\"column\">\n\t\t\t<div class=\"elementor-widget-wrap elementor-element-populated\">\n\t\t\t\t\t\t<div class=\"elementor-element elementor-element-542adde elementor-widget elementor-widget-image\" data-id=\"542adde\" data-element_type=\"widget\" data-e-type=\"widget\" data-widget_type=\"image.default\">\n\t\t\t\t<div class=\"elementor-widget-container\">\n\t\t\t\t\t\t\t\t\t\t\t\t\t\t\t<img fetchpriority=\"high\" decoding=\"async\" width=\"300\" height=\"300\" src=\"https:\/\/www.buergernetz-alb.de\/wp-content\/uploads\/2020\/02\/buergernetz-alb-300x300.png\" class=\"attachment-medium size-medium wp-image-493\" alt=\"\" srcset=\"https:\/\/www.buergernetz-alb.de\/wp-content\/uploads\/2020\/02\/buergernetz-alb-300x300.png 300w, https:\/\/www.buergernetz-alb.de\/wp-content\/uploads\/2020\/02\/buergernetz-alb-150x150.png 150w, https:\/\/www.buergernetz-alb.de\/wp-content\/uploads\/2020\/02\/buergernetz-alb.png 512w\" sizes=\"(max-width: 300px) 100vw, 300px\" \/>\t\t\t\t\t\t\t\t\t\t\t\t\t\t\t<\/div>\n\t\t\t\t<\/div>\n\t\t\t\t<div class=\"elementor-element elementor-element-4f13646 elementor-widget elementor-widget-heading\" data-id=\"4f13646\" data-element_type=\"widget\" data-e-type=\"widget\" data-widget_type=\"heading.default\">\n\t\t\t\t<div class=\"elementor-widget-container\">\n\t\t\t\t\t<h3 class=\"elementor-heading-title elementor-size-default\">Gr\u00fcndungsprotokoll B\u00fcrgernetz Alb e.V.<\/h3>\t\t\t\t<\/div>\n\t\t\t\t<\/div>\n\t\t\t\t\t<\/div>\n\t\t<\/div>\n\t\t\t\t\t<\/div>\n\t\t<\/section>\n\t\t\t\t<section class=\"elementor-section elementor-top-section elementor-element elementor-element-91caaad elementor-section-boxed elementor-section-height-default elementor-section-height-default\" data-id=\"91caaad\" data-element_type=\"section\" data-e-type=\"section\">\n\t\t\t\t\t\t<div class=\"elementor-container elementor-column-gap-no\">\n\t\t\t\t\t<div class=\"elementor-column elementor-col-100 elementor-top-column elementor-element elementor-element-1665b7a\" data-id=\"1665b7a\" data-element_type=\"column\" data-e-type=\"column\">\n\t\t\t<div class=\"elementor-widget-wrap elementor-element-populated\">\n\t\t\t\t\t\t<section class=\"elementor-section elementor-inner-section elementor-element elementor-element-37f090f elementor-section-boxed elementor-section-height-default elementor-section-height-default\" data-id=\"37f090f\" data-element_type=\"section\" data-e-type=\"section\">\n\t\t\t\t\t\t<div class=\"elementor-container elementor-column-gap-extended\">\n\t\t\t\t\t<div class=\"elementor-column elementor-col-33 elementor-inner-column elementor-element elementor-element-77dcc61\" data-id=\"77dcc61\" data-element_type=\"column\" data-e-type=\"column\">\n\t\t\t<div class=\"elementor-widget-wrap elementor-element-populated\">\n\t\t\t\t\t\t<div class=\"elementor-element elementor-element-2bbf5cb elementor-align-left elementor-widget elementor-widget-button\" data-id=\"2bbf5cb\" data-element_type=\"widget\" data-e-type=\"widget\" data-widget_type=\"button.default\">\n\t\t\t\t<div class=\"elementor-widget-container\">\n\t\t\t\t\t\t\t\t\t<div class=\"elementor-button-wrapper\">\n\t\t\t\t\t<a class=\"elementor-button elementor-button-link elementor-size-sm\" href=\"https:\/\/www.buergernetz-alb.de\/wp-content\/uploads\/2020\/05\/Gruendungsprotokoll_230714.pdf\" target=\"_blank\">\n\t\t\t\t\t\t<span class=\"elementor-button-content-wrapper\">\n\t\t\t\t\t\t<span class=\"elementor-button-icon\">\n\t\t\t\t\t\t\t\t\t<i class=\"fa fa-download\" aria-hidden=\"true\"><\/i>\n\t\t\t\t\t\t\t<\/span>\n\t\t\t\t\t\t\t\t\t<span class=\"elementor-button-text\">... Gr\u00fcndungsprotokoll (pdf)<\/span>\n\t\t\t\t\t<\/span>\n\t\t\t\t\t<\/a>\n\t\t\t\t<\/div>\n\t\t\t\t\t\t\t\t<\/div>\n\t\t\t\t<\/div>\n\t\t\t\t\t<\/div>\n\t\t<\/div>\n\t\t\t\t<div class=\"elementor-column elementor-col-66 elementor-inner-column elementor-element elementor-element-b2f1a93\" data-id=\"b2f1a93\" data-element_type=\"column\" data-e-type=\"column\">\n\t\t\t<div class=\"elementor-widget-wrap elementor-element-populated\">\n\t\t\t\t\t\t<div class=\"elementor-element elementor-element-6d2163c elementor-widget elementor-widget-text-editor\" data-id=\"6d2163c\" data-element_type=\"widget\" data-e-type=\"widget\" data-widget_type=\"text-editor.default\">\n\t\t\t\t<div class=\"elementor-widget-container\">\n\t\t\t\t\t\t\t\t\tGr\u00fcndungsprotokoll B\u00fcrgernetz Alb\nVerein zur\ngegenseitigen Hilfeleistung im Alltag\t\t\t\t\t\t\t\t<\/div>\n\t\t\t\t<\/div>\n\t\t\t\t\t<\/div>\n\t\t<\/div>\n\t\t\t\t\t<\/div>\n\t\t<\/section>\n\t\t\t\t\t<\/div>\n\t\t<\/div>\n\t\t\t\t\t<\/div>\n\t\t<\/section>\n\t\t\t\t<section class=\"elementor-section elementor-top-section elementor-element elementor-element-10d78ea elementor-section-boxed elementor-section-height-default elementor-section-height-default\" data-id=\"10d78ea\" data-element_type=\"section\" data-e-type=\"section\">\n\t\t\t\t\t\t<div class=\"elementor-container elementor-column-gap-default\">\n\t\t\t\t\t<div class=\"elementor-column elementor-col-100 elementor-top-column elementor-element elementor-element-181450d\" data-id=\"181450d\" data-element_type=\"column\" data-e-type=\"column\">\n\t\t\t<div class=\"elementor-widget-wrap elementor-element-populated\">\n\t\t\t\t\t\t<div class=\"elementor-element elementor-element-9510196 elementor-widget elementor-widget-spacer\" data-id=\"9510196\" data-element_type=\"widget\" data-e-type=\"widget\" data-widget_type=\"spacer.default\">\n\t\t\t\t<div class=\"elementor-widget-container\">\n\t\t\t\t\t\t\t<div class=\"elementor-spacer\">\n\t\t\t<div class=\"elementor-spacer-inner\"><\/div>\n\t\t<\/div>\n\t\t\t\t\t\t<\/div>\n\t\t\t\t<\/div>\n\t\t\t\t\t<\/div>\n\t\t<\/div>\n\t\t\t\t\t<\/div>\n\t\t<\/section>\n\t\t\t\t<\/div>\n\t\t","protected":false},"excerpt":{"rendered":"<p>Gr\u00fcndungsprotokoll B\u00fcrgernetz Alb e.V. &#8230; Gr\u00fcndungsprotokoll (pdf) Gr\u00fcndungsprotokoll B\u00fcrgernetz Alb Verein zur gegenseitigen Hilfeleistung im Alltag<\/p>\n","protected":false},"author":1,"featured_media":0,"parent":0,"menu_order":0,"comment_status":"closed","ping_status":"closed","template":"","meta":{"footnotes":""},"class_list":["post-377","page","type-page","status-publish","hentry"],"_links":{"self":[{"href":"https:\/\/www.buergernetz-alb.de\/bna\/wp-json\/wp\/v2\/pages\/377","targetHints":{"allow":["GET"]}}],"collection":[{"href":"https:\/\/www.buergernetz-alb.de\/bna\/wp-json\/wp\/v2\/pages"}],"about":[{"href":"https:\/\/www.buergernetz-alb.de\/bna\/wp-json\/wp\/v2\/types\/page"}],"author":[{"embeddable":true,"href":"https:\/\/www.buergernetz-alb.de\/bna\/wp-json\/wp\/v2\/users\/1"}],"replies":[{"embeddable":true,"href":"https:\/\/www.buergernetz-alb.de\/bna\/wp-json\/wp\/v2\/comments?post=377"}],"version-history":[{"count":7,"href":"https:\/\/www.buergernetz-alb.de\/bna\/wp-json\/wp\/v2\/pages\/377\/revisions"}],"predecessor-version":[{"id":524,"href":"https:\/\/www.buergernetz-alb.de\/bna\/wp-json\/wp\/v2\/pages\/377\/revisions\/524"}],"wp:attachment":[{"href":"https:\/\/www.buergernetz-alb.de\/bna\/wp-json\/wp\/v2\/media?parent=377"}],"curies":[{"name":"wp","href":"https:\/\/api.w.org\/{rel}","templated":true}]}}